{"id":2596,"date":"2025-07-15T21:22:48","date_gmt":"2025-07-15T21:22:48","guid":{"rendered":"https:\/\/projetos.imperastudio.com.br\/?page_id=2596"},"modified":"2025-09-27T00:35:31","modified_gmt":"2025-09-27T00:35:31","slug":"sobre","status":"publish","type":"page","link":"https:\/\/nicolamartinez.com\/es\/sobre\/","title":{"rendered":"Nicola Martinez"},"content":{"rendered":"<div data-elementor-type=\"wp-page\" data-elementor-id=\"2596\" class=\"elementor elementor-2596\" data-elementor-post-type=\"page\">\n\t\t\t\t<div class=\"elementor-element elementor-element-31146685 e-flex e-con-boxed e-con e-parent\" data-id=\"31146685\" data-element_type=\"container\" data-e-type=\"container\" id=\"sobre\" data-settings=\"{&quot;background_background&quot;:&quot;classic&quot;}\">\n\t\t\t\t\t<div class=\"e-con-inner\">\n\t\t<div class=\"elementor-element elementor-element-6cd413f3 e-con-full e-flex e-con e-child\" data-id=\"6cd413f3\" data-element_type=\"container\" data-e-type=\"container\">\n\t\t\t\t<div class=\"elementor-element elementor-element-678ac9a7 elementor-invisible elementor-widget elementor-widget-text-editor\" data-id=\"678ac9a7\" data-element_type=\"widget\" data-e-type=\"widget\" data-settings=\"{&quot;_animation&quot;:&quot;fadeIn&quot;}\" data-widget_type=\"text-editor.default\">\n\t\t\t\t<div class=\"elementor-widget-container\">\n\t\t\t\t\t\t\t\t\t<p>UM POUCO SOBRE<\/p>\t\t\t\t\t\t\t\t<\/div>\n\t\t\t\t<\/div>\n\t\t\t\t<div class=\"elementor-element elementor-element-b15d51b elementor-widget__width-initial elementor-invisible elementor-widget elementor-widget-heading\" data-id=\"b15d51b\" data-element_type=\"widget\" data-e-type=\"widget\" data-settings=\"{&quot;_animation&quot;:&quot;fadeIn&quot;,&quot;_animation_delay&quot;:200}\" data-widget_type=\"heading.default\">\n\t\t\t\t<div class=\"elementor-widget-container\">\n\t\t\t\t\t<h2 class=\"elementor-heading-title elementor-size-default\">Nicola Martinez<\/h2>\t\t\t\t<\/div>\n\t\t\t\t<\/div>\n\t\t\t\t<div class=\"elementor-element elementor-element-54d02799 elementor-invisible elementor-widget elementor-widget-text-editor\" data-id=\"54d02799\" data-element_type=\"widget\" data-e-type=\"widget\" data-settings=\"{&quot;_animation&quot;:&quot;fadeIn&quot;}\" data-widget_type=\"text-editor.default\">\n\t\t\t\t<div class=\"elementor-widget-container\">\n\t\t\t\t\t\t\t\t\t<p data-start=\"995\" data-end=\"1310\">Escalador, base jumper e aventureiro, <strong data-start=\"1033\" data-end=\"1052\">Nicola Martinez<\/strong> conquistou respeito internacional por sua dedica\u00e7\u00e3o \u00e0s big walls e pela ousadia em unir a escalada ao voo. Sua trajet\u00f3ria reflete n\u00e3o apenas t\u00e9cnica e preparo f\u00edsico, mas tamb\u00e9m a for\u00e7a de uma mentalidade resiliente, cultivada diante de desafios extremos.<\/p><p data-start=\"1312\" data-end=\"1705\">Nicola j\u00e1 dividiu paredes e experi\u00eancias com \u00eddolos como <strong data-start=\"1369\" data-end=\"1419\">Dean Potter, Chris McNamara e Nicolas Favresse<\/strong>, sendo reconhecido como uma refer\u00eancia de coragem, leveza e autenticidade.<\/p><p data-start=\"1312\" data-end=\"1705\">Mais do que n\u00fameros ou recordes, o que o move \u00e9 a conex\u00e3o profunda com a natureza e o desejo de transmitir ao mundo uma vis\u00e3o: <strong data-start=\"1624\" data-end=\"1705\">o imposs\u00edvel pode ser conquistado quando o medo se transforma em combust\u00edvel.<\/strong><\/p><p data-start=\"1312\" data-end=\"1705\">Hoje, <strong>Nicola Martinez<\/strong> n\u00e3o escala apenas por esporte, mas por prop\u00f3sito. Ele vive de maneira aut\u00eantica e genu\u00edna, uma testemunha de que a riqueza est\u00e1 nas experi\u00eancias. Cada palestra, workshop ou consultoria que oferece \u00e9 uma extens\u00e3o de sua jornada, um convite para que outros tamb\u00e9m aprendam a encarar suas paredes, gerenciar seus medos e descobrir a for\u00e7a extraordin\u00e1ria que reside em cada um de n\u00f3s.<\/p>\t\t\t\t\t\t\t\t<\/div>\n\t\t\t\t<\/div>\n\t\t\t\t<\/div>\n\t\t<div class=\"elementor-element elementor-element-69b266aa e-con-full e-flex e-con e-child\" data-id=\"69b266aa\" data-element_type=\"container\" data-e-type=\"container\">\n\t\t\t\t<div class=\"elementor-element elementor-element-38115d43 elementor-widget__width-initial elementor-widget elementor-widget-image\" data-id=\"38115d43\" data-element_type=\"widget\" data-e-type=\"widget\" data-widget_type=\"image.default\">\n\t\t\t\t<div class=\"elementor-widget-container\">\n\t\t\t\t\t\t\t\t\t\t\t\t\t\t\t<img fetchpriority=\"high\" decoding=\"async\" width=\"800\" height=\"1100\" src=\"https:\/\/nicolamartinez.com\/wp-content\/uploads\/2025\/09\/nicola-martinez-climber-and-basejumper-yosemite-64-e1758933225611.webp\" class=\"attachment-full size-full wp-image-2904\" alt=\"\" srcset=\"https:\/\/nicolamartinez.com\/wp-content\/uploads\/2025\/09\/nicola-martinez-climber-and-basejumper-yosemite-64-e1758933225611.webp 800w, https:\/\/nicolamartinez.com\/wp-content\/uploads\/2025\/09\/nicola-martinez-climber-and-basejumper-yosemite-64-e1758933225611-218x300.webp 218w, https:\/\/nicolamartinez.com\/wp-content\/uploads\/2025\/09\/nicola-martinez-climber-and-basejumper-yosemite-64-e1758933225611-745x1024.webp 745w, https:\/\/nicolamartinez.com\/wp-content\/uploads\/2025\/09\/nicola-martinez-climber-and-basejumper-yosemite-64-e1758933225611-768x1056.webp 768w, https:\/\/nicolamartinez.com\/wp-content\/uploads\/2025\/09\/nicola-martinez-climber-and-basejumper-yosemite-64-e1758933225611-9x12.webp 9w\" sizes=\"(max-width: 800px) 100vw, 800px\" \/>\t\t\t\t\t\t\t\t\t\t\t\t\t\t\t<\/div>\n\t\t\t\t<\/div>\n\t\t\t\t<\/div>\n\t\t\t\t\t<\/div>\n\t\t\t\t<\/div>\n\t\t<div class=\"elementor-element elementor-element-7554441e e-flex e-con-boxed e-con e-parent\" data-id=\"7554441e\" data-element_type=\"container\" data-e-type=\"container\" data-settings=\"{&quot;background_background&quot;:&quot;classic&quot;}\">\n\t\t\t\t\t<div class=\"e-con-inner\">\n\t\t\t\t<div class=\"elementor-element elementor-element-19e0db30 elementor-invisible elementor-widget elementor-widget-text-editor\" data-id=\"19e0db30\" data-element_type=\"widget\" data-e-type=\"widget\" data-settings=\"{&quot;_animation&quot;:&quot;fadeIn&quot;}\" data-widget_type=\"text-editor.default\">\n\t\t\t\t<div class=\"elementor-widget-container\">\n\t\t\t\t\t\t\t\t\t<p>NICOLA MARTINEZ &#8211; DOCUMENT\u00c1RIO<\/p>\t\t\t\t\t\t\t\t<\/div>\n\t\t\t\t<\/div>\n\t\t\t\t<div class=\"elementor-element elementor-element-2b787956 elementor-widget__width-initial elementor-invisible elementor-widget elementor-widget-heading\" data-id=\"2b787956\" data-element_type=\"widget\" data-e-type=\"widget\" data-settings=\"{&quot;_animation&quot;:&quot;fadeIn&quot;,&quot;_animation_delay&quot;:200}\" data-widget_type=\"heading.default\">\n\t\t\t\t<div class=\"elementor-widget-container\">\n\t\t\t\t\t<h2 class=\"elementor-heading-title elementor-size-default\">Al\u00e9m das Montanhas<\/h2>\t\t\t\t<\/div>\n\t\t\t\t<\/div>\n\t\t\t\t<div class=\"elementor-element elementor-element-40596fec elementor-widget elementor-widget-video\" data-id=\"40596fec\" data-element_type=\"widget\" data-e-type=\"widget\" data-settings=\"{&quot;youtube_url&quot;:&quot;https:\\\/\\\/www.youtube.com\\\/watch?v=TFm6PlwH-Jo&quot;,&quot;start&quot;:39,&quot;image_overlay&quot;:{&quot;url&quot;:&quot;https:\\\/\\\/nicolamartinez.com\\\/wp-content\\\/uploads\\\/2025\\\/09\\\/nicola-martinez-climber-and-base-jumper-9.jpeg&quot;,&quot;id&quot;:3187,&quot;size&quot;:&quot;&quot;,&quot;alt&quot;:&quot;&quot;,&quot;source&quot;:&quot;library&quot;},&quot;show_image_overlay&quot;:&quot;yes&quot;,&quot;video_type&quot;:&quot;youtube&quot;}\" data-widget_type=\"video.default\">\n\t\t\t\t<div class=\"elementor-widget-container\">\n\t\t\t\t\t\t\t<div class=\"elementor-wrapper elementor-open-inline\">\n\t\t\t<div class=\"elementor-video\"><\/div>\t\t\t\t<div class=\"elementor-custom-embed-image-overlay\" style=\"background-image: url(https:\/\/nicolamartinez.com\/wp-content\/uploads\/2025\/09\/nicola-martinez-climber-and-base-jumper-9.jpeg);\">\n\t\t\t\t\t\t\t\t\t\t\t\t\t\t\t\t<div class=\"elementor-custom-embed-play\" role=\"button\" aria-label=\"Reproduzir v\u00eddeo\" tabindex=\"0\">\n\t\t\t\t\t\t\t<i aria-hidden=\"true\" class=\"icon icon-youtube-v\"><\/i>\t\t\t\t\t\t<\/div>\n\t\t\t\t\t\t\t\t\t<\/div>\n\t\t\t\t\t<\/div>\n\t\t\t\t\t\t<\/div>\n\t\t\t\t<\/div>\n\t\t\t\t\t<\/div>\n\t\t\t\t<\/div>\n\t\t<div class=\"elementor-element elementor-element-4cda128a e-flex e-con-boxed e-con e-parent\" data-id=\"4cda128a\" data-element_type=\"container\" data-e-type=\"container\" data-settings=\"{&quot;background_background&quot;:&quot;classic&quot;}\">\n\t\t\t\t\t<div class=\"e-con-inner\">\n\t\t<div class=\"elementor-element elementor-element-68d9a0a6 e-con-full e-flex elementor-invisible e-con e-child\" data-id=\"68d9a0a6\" data-element_type=\"container\" data-e-type=\"container\" data-settings=\"{&quot;background_background&quot;:&quot;classic&quot;,&quot;animation&quot;:&quot;fadeIn&quot;}\">\n\t\t\t\t<div class=\"elementor-element elementor-element-4040a921 elementor-invisible elementor-widget elementor-widget-text-editor\" data-id=\"4040a921\" data-element_type=\"widget\" data-e-type=\"widget\" data-settings=\"{&quot;_animation&quot;:&quot;fadeIn&quot;}\" data-widget_type=\"text-editor.default\">\n\t\t\t\t<div class=\"elementor-widget-container\">\n\t\t\t\t\t\t\t\t\t<p>EXPEDI\u00c7\u00d5ES<\/p>\t\t\t\t\t\t\t\t<\/div>\n\t\t\t\t<\/div>\n\t\t\t\t<div class=\"elementor-element elementor-element-2546a42f elementor-widget__width-initial elementor-invisible elementor-widget elementor-widget-heading\" data-id=\"2546a42f\" data-element_type=\"widget\" data-e-type=\"widget\" data-settings=\"{&quot;_animation&quot;:&quot;fadeIn&quot;,&quot;_animation_delay&quot;:200}\" data-widget_type=\"heading.default\">\n\t\t\t\t<div class=\"elementor-widget-container\">\n\t\t\t\t\t<h2 class=\"elementor-heading-title elementor-size-default\">Mem\u00f3rias Verticais: Um Mapa de Aventuras<\/h2>\t\t\t\t<\/div>\n\t\t\t\t<\/div>\n\t\t\t\t<div class=\"elementor-element elementor-element-2e094926 elementor-widget-divider--view-line elementor-invisible elementor-widget elementor-widget-divider\" data-id=\"2e094926\" data-element_type=\"widget\" data-e-type=\"widget\" data-settings=\"{&quot;_animation&quot;:&quot;fadeIn&quot;,&quot;_animation_delay&quot;:500}\" data-widget_type=\"divider.default\">\n\t\t\t\t<div class=\"elementor-widget-container\">\n\t\t\t\t\t\t\t<div class=\"elementor-divider\">\n\t\t\t<span class=\"elementor-divider-separator\">\n\t\t\t\t\t\t<\/span>\n\t\t<\/div>\n\t\t\t\t\t\t<\/div>\n\t\t\t\t<\/div>\n\t\t\t\t<div class=\"elementor-element elementor-element-51f55f86 elementor-widget elementor-widget-text-editor\" data-id=\"51f55f86\" data-element_type=\"widget\" data-e-type=\"widget\" data-widget_type=\"text-editor.default\">\n\t\t\t\t<div class=\"elementor-widget-container\">\n\t\t\t\t\t\t\t\t\t<p>Cada expedi\u00e7\u00e3o deixa marcas: na mem\u00f3ria, no corpo e na alma. Das noites solit\u00e1rias no El Capitan \u00e0s tempestades na Patag\u00f4nia, cada aventura foi documentada. O blog de Nicola \u00e9 um convite para os bastidores dessas jornadas. S\u00e3o relatos, reflex\u00f5es e fotografias que revelam n\u00e3o apenas o desafio t\u00e9cnico, mas a hist\u00f3ria humana por tr\u00e1s de cada conquista.<\/p>\t\t\t\t\t\t\t\t<\/div>\n\t\t\t\t<\/div>\n\t\t\t\t<div class=\"elementor-element elementor-element-34845ba4 elementor-align-left elementor-mobile-align-center elementor-invisible elementor-widget elementor-widget-button\" data-id=\"34845ba4\" data-element_type=\"widget\" data-e-type=\"widget\" data-settings=\"{&quot;_animation&quot;:&quot;fadeIn&quot;,&quot;_animation_delay&quot;:400}\" data-widget_type=\"button.default\">\n\t\t\t\t<div class=\"elementor-widget-container\">\n\t\t\t\t\t\t\t\t\t<div class=\"elementor-button-wrapper\">\n\t\t\t\t\t<a class=\"elementor-button elementor-size-sm\" role=\"button\">\n\t\t\t\t\t\t<span class=\"elementor-button-content-wrapper\">\n\t\t\t\t\t\t\t\t\t<span class=\"elementor-button-text\">EXPLORE O BLOG<\/span>\n\t\t\t\t\t<\/span>\n\t\t\t\t\t<\/a>\n\t\t\t\t<\/div>\n\t\t\t\t\t\t\t\t<\/div>\n\t\t\t\t<\/div>\n\t\t\t\t<\/div>\n\t\t<div class=\"elementor-element elementor-element-18c8ee15 e-con-full e-flex elementor-invisible e-con e-child\" data-id=\"18c8ee15\" data-element_type=\"container\" data-e-type=\"container\" data-settings=\"{&quot;animation&quot;:&quot;fadeIn&quot;}\">\n\t\t\t\t<\/div>\n\t\t\t\t\t<\/div>\n\t\t\t\t<\/div>\n\t\t\t\t<\/div>","protected":false},"excerpt":{"rendered":"<p>UM POUCO SOBRE Nicola Martinez Escalador, base jumper e aventureiro, Nicola Martinez conquistou respeito internacional por sua dedica\u00e7\u00e3o \u00e0s big walls e pela ousadia em unir a escalada ao voo. Sua trajet\u00f3ria reflete n\u00e3o apenas t\u00e9cnica e preparo f\u00edsico, mas tamb\u00e9m a for\u00e7a de uma mentalidade resiliente, cultivada diante de desafios extremos. Nicola j\u00e1 dividiu [&hellip;]<\/p>\n","protected":false},"author":2,"featured_media":0,"parent":0,"menu_order":0,"comment_status":"closed","ping_status":"closed","template":"elementor_header_footer","meta":{"_joinchat":[],"footnotes":""},"class_list":["post-2596","page","type-page","status-publish","hentry"],"_links":{"self":[{"href":"https:\/\/nicolamartinez.com\/es\/wp-json\/wp\/v2\/pages\/2596","targetHints":{"allow":["GET"]}}],"collection":[{"href":"https:\/\/nicolamartinez.com\/es\/wp-json\/wp\/v2\/pages"}],"about":[{"href":"https:\/\/nicolamartinez.com\/es\/wp-json\/wp\/v2\/types\/page"}],"author":[{"embeddable":true,"href":"https:\/\/nicolamartinez.com\/es\/wp-json\/wp\/v2\/users\/2"}],"replies":[{"embeddable":true,"href":"https:\/\/nicolamartinez.com\/es\/wp-json\/wp\/v2\/comments?post=2596"}],"version-history":[{"count":28,"href":"https:\/\/nicolamartinez.com\/es\/wp-json\/wp\/v2\/pages\/2596\/revisions"}],"predecessor-version":[{"id":3266,"href":"https:\/\/nicolamartinez.com\/es\/wp-json\/wp\/v2\/pages\/2596\/revisions\/3266"}],"wp:attachment":[{"href":"https:\/\/nicolamartinez.com\/es\/wp-json\/wp\/v2\/media?parent=2596"}],"curies":[{"name":"wp","href":"https:\/\/api.w.org\/{rel}","templated":true}]}}